{"id":2,"date":"2018-08-24T09:53:59","date_gmt":"2018-08-24T09:53:59","guid":{"rendered":"http:\/\/www.pesticideyardstick.com\/caringdairy\/du\/?page_id=2"},"modified":"2018-09-04T10:13:34","modified_gmt":"2018-09-04T10:13:34","slug":"home","status":"publish","type":"page","link":"https:\/\/www.pesticideyardstick.com\/caringdairy\/du\/","title":{"rendered":"Home"},"content":{"rendered":"<p><strong>Willkommen <\/strong><br \/>\nDie\u00a0PSM-Bilanz ist ein n\u00fctzliches Messinstrument, das die Auswirkungen von Pflanzenschutzmitteln auf die Umwelt vermittelt. So k\u00f6nnen Sie Mittel mit einer hohen Umweltbelastung auf Ihrem Betrieb erkennen und durch weniger sch\u00e4dliche Mittel ersetzen.<\/p>\n<p>Auf dieser Website k\u00f6nnen Sie Ihre Pflanzenschutzma\u00dfnahmen registrieren. Mit Hilfe Ihrer Daten und unserer Berechnungen erhalten Sie Einsicht in Ihren Gebrauch von Pflanzenschutzmitteln und deren Auswirkungen auf die Umwelt.<\/p>\n<p><strong>Was geschieht mit meinen Daten ?<\/strong><br \/>\nDie Daten zu Ihren Pflanzenschutzma\u00dfnahmen werden zu Umweltbelastungspunkten umgerechnet. Die Punkte zeigen die Auswirkungen der Pflanzenschutzma\u00dfnahmen auf das Grundwasser, Wasserlebewesen, Bodenlebewesen und die Auswirkungen auf Best\u00e4uber und nat\u00fcrliche Feinde von Sch\u00e4dlingen. Den Bericht \u00fcber Ihre Umweltpelastungspunkte empfangen Sie innerhalb einiger Wochen per E-Mail. Sie empfangen einen kurzen Umweltbelastungsbericht f\u00fcr Ihren Betrieb. Sie werden dann gebeten, Ihre Endergebnisse selbst in \u201cMuddy Boots\u201d einzugeben.<\/p>\n<p>&nbsp;<\/p>\n<hr \/>\n<p style=\"text-align: center;\"><span style=\"font-size: small;\">Der Inhalt dieser Website wurde von <a href=\"https:\/\/www.clm.nl\" target=\"_blank\" rel=\"noopener noreferrer\">CLM Onderzoek en Advies BV<\/a> entwickelt.<br \/>\n<a href=\"http:\/\/www.clm.nl\" target=\"_blank\" rel=\"noopener noreferrer\"><img loading=\"lazy\" decoding=\"async\" class=\"wp-image-64 aligncenter\" src=\"https:\/\/www.pesticideyardstick.com\/caringdairy\/nl\/wp-content\/uploads\/CLM_Logo_klein.jpg\" alt=\"CLM_Logo_klein\" width=\"100\" height=\"29\" \/><\/a><\/span><\/p>\n","protected":false},"excerpt":{"rendered":"<p>Willkommen Die\u00a0PSM-Bilanz ist ein n\u00fctzliches Messinstrument, das die Auswirkungen von Pflanzenschutzmitteln auf die Umwelt vermittelt. So k\u00f6nnen Sie Mittel mit einer hohen Umweltbelastung auf Ihrem Betrieb erkennen und durch weniger [&hellip;]<\/p>\n","protected":false},"author":1,"featured_media":0,"parent":0,"menu_order":0,"comment_status":"closed","ping_status":"open","template":"template-fullwidth.php","meta":{"footnotes":""},"class_list":["post-2","page","type-page","status-publish","hentry"],"_links":{"self":[{"href":"https:\/\/www.pesticideyardstick.com\/caringdairy\/du\/wp-json\/wp\/v2\/pages\/2","targetHints":{"allow":["GET"]}}],"collection":[{"href":"https:\/\/www.pesticideyardstick.com\/caringdairy\/du\/wp-json\/wp\/v2\/pages"}],"about":[{"href":"https:\/\/www.pesticideyardstick.com\/caringdairy\/du\/wp-json\/wp\/v2\/types\/page"}],"author":[{"embeddable":true,"href":"https:\/\/www.pesticideyardstick.com\/caringdairy\/du\/wp-json\/wp\/v2\/users\/1"}],"replies":[{"embeddable":true,"href":"https:\/\/www.pesticideyardstick.com\/caringdairy\/du\/wp-json\/wp\/v2\/comments?post=2"}],"version-history":[{"count":10,"href":"https:\/\/www.pesticideyardstick.com\/caringdairy\/du\/wp-json\/wp\/v2\/pages\/2\/revisions"}],"predecessor-version":[{"id":65,"href":"https:\/\/www.pesticideyardstick.com\/caringdairy\/du\/wp-json\/wp\/v2\/pages\/2\/revisions\/65"}],"wp:attachment":[{"href":"https:\/\/www.pesticideyardstick.com\/caringdairy\/du\/wp-json\/wp\/v2\/media?parent=2"}],"curies":[{"name":"wp","href":"https:\/\/api.w.org\/{rel}","templated":true}]}}